{"id":2,"date":"2010-10-19T13:50:40","date_gmt":"2010-10-19T13:50:40","guid":{"rendered":"http:\/\/www.aerztenetz-gfga.de\/?page_id=2"},"modified":"2023-03-27T08:33:43","modified_gmt":"2023-03-27T08:33:43","slug":"eine-seite","status":"publish","type":"page","link":"https:\/\/www.aerztenetz-gfga.de\/","title":{"rendered":"Kontakt"},"content":{"rendered":"<h4>Wir begr\u00fc\u00dfen Sie auf den Internetseiten der<\/h4>\n<h2><\/h2>\n<h2>GFGA Betriebsgesellschaft des \u00c4rztenetzes Hamburg UG<\/h2>\n<p>Eidelstedter Platz 1<br \/>\n22523 Hamburg<\/p>\n<p>Telefon 040 \u2013 57201 925<br \/>\neMail: <a href=\"mailto:info@aerztenetz-gfga.de\" target=\"_blank\" rel=\"noopener\">info@aerztenetz-gfga.de<\/a><\/p>\n","protected":false},"excerpt":{"rendered":"<p>Wir begr\u00fc\u00dfen Sie auf den Internetseiten der GFGA Betriebsgesellschaft des \u00c4rztenetzes Hamburg UG Eidelstedter Platz 1 22523 Hamburg Telefon 040 \u2013 57201 925 eMail: info@aerztenetz-gfga.de<\/p>\n","protected":false},"author":1,"featured_media":0,"parent":0,"menu_order":90,"comment_status":"closed","ping_status":"open","template":"","meta":[],"_links":{"self":[{"href":"https:\/\/www.aerztenetz-gfga.de\/index.php?rest_route=\/wp\/v2\/pages\/2"}],"collection":[{"href":"https:\/\/www.aerztenetz-gfga.de\/index.php?rest_route=\/wp\/v2\/pages"}],"about":[{"href":"https:\/\/www.aerztenetz-gfga.de\/index.php?rest_route=\/wp\/v2\/types\/page"}],"author":[{"embeddable":true,"href":"https:\/\/www.aerztenetz-gfga.de\/index.php?rest_route=\/wp\/v2\/users\/1"}],"replies":[{"embeddable":true,"href":"https:\/\/www.aerztenetz-gfga.de\/index.php?rest_route=%2Fwp%2Fv2%2Fcomments&post=2"}],"version-history":[{"count":0,"href":"https:\/\/www.aerztenetz-gfga.de\/index.php?rest_route=\/wp\/v2\/pages\/2\/revisions"}],"wp:attachment":[{"href":"https:\/\/www.aerztenetz-gfga.de\/index.php?rest_route=%2Fwp%2Fv2%2Fmedia&parent=2"}],"curies":[{"name":"wp","href":"https:\/\/api.w.org\/{rel}","templated":true}]}}